{"id":159,"date":"2020-12-02T11:26:32","date_gmt":"2020-12-02T11:26:32","guid":{"rendered":"https:\/\/www.totalpneu.com\/?page_id=159"},"modified":"2020-12-18T16:15:13","modified_gmt":"2020-12-18T16:15:13","slug":"privacy-policy-2","status":"publish","type":"page","link":"https:\/\/www.totalpneu.com\/es\/privacy-policy-2\/","title":{"rendered":"Pol\u00edtica de privacidad"},"content":{"rendered":"\n<p><strong>TotalPneu<\/strong>, ubicado en Harderwijkerweg 145 3852 AB Ermelo, Pa\u00edses Bajos, es responsable del procesamiento de datos personales como se muestra en esta declaraci\u00f3n de privacidad.<\/p>\n\n\n\n<p>Informaci\u00f3n de contacto:<\/p>\n\n\n\n<p>Harderwijkerweg 145 3852 AB Ermelo Pa\u00edses Bajos<\/p>\n\n\n\n<p>TotalPneu Data Protection Officer puede llegar info@totalpneu.com<\/p>\n\n\n\n<p><strong>Datos personales que procesamos<\/strong><strong><\/strong><\/p>\n\n\n\n<p>TotalPneu trata sus datos personales utilizando nuestros servicios y\/o porque usted mismo nos los proporciona. A continuaci\u00f3n se muestra una visi\u00f3n general de los datos personales que procesamos:- Nombre y apellidos- G\u00e9nero- N\u00famero de tel\u00e9fono- Direcci\u00f3n de correo electr\u00f3nico- Detalles sobre sus actividades en nuestro sitio web- Detalles sobre su comportamiento de navegaci\u00f3n a trav\u00e9s de diferentes sitios web (por ejemplo, porque esta empresa forma parte de una red publicitaria)- Lista de datos de contacto del cliente a trav\u00e9s de un n\u00famero de cuenta bancaria de la aplicaci\u00f3n<\/p>\n\n\n\n<p><strong>Datos personales especiales y\/o confidenciales que procesamos<\/strong><strong><\/strong><\/p>\n\n\n\n<p>Nuestro sitio web y\/o servicio no tiene la intenci\u00f3n de recopilar datos sobre los visitantes del sitio web menores de 16 a\u00f1os. A menos que tengan permiso de padres o tutores. Sin embargo, no podemos verificar que un visitante sea superior a 16 a\u00f1os. Por lo tanto, aconsejamos a los padres que participen en las actividades en l\u00ednea de sus hijos con el fin de evitar que se recopilen datos sobre ni\u00f1os sin el consentimiento de los padres. Si est\u00e1 satisfecho de que hemos recopilado informaci\u00f3n personal sobre un menor sin ese consentimiento, p\u00f3ngase en contacto con nosotros a trav\u00e9s de info@totalpneu.com, eliminaremos esta informaci\u00f3n.<\/p>\n\n\n\n<p><strong>Con qu\u00e9 prop\u00f3sito y sobre la base de qu\u00e9 base procesamos los datos personales<\/strong><strong><\/strong><\/p>\n\n\n\n<p>TotalPneu trata sus datos personales para los siguientes fines:- Manejo de su pago- Env\u00edo de nuestro bolet\u00edn informativo y\/o folleto publicitario- Para poder llamarle o enviarle un correo electr\u00f3nico si es necesario para realizar nuestros servicios- Informarle sobre cambios en nuestros servicios y productos- Para obtener bienes y servicios en su entrega &#8211; TotalPneu analiza su comportamiento en el sitio web con el fin de mejorar el sitio web y adaptar la gama de productos y servicios a sus preferencias.- TotalPneu tambi\u00e9n procesa datos personales si estamos legalmente obligados a hacerlo, como los datos que necesitamos para nuestra declaraci\u00f3n de impuestos.<\/p>\n\n\n\n<p><strong>Toma de decisiones automatizada<\/strong><strong><\/strong><\/p>\n\n\n\n<p>TotalPneu no toma decisiones basadas en el procesamiento automatizado en asuntos que pueden tener consecuencias (significativas) para las personas. Estas son decisiones que son tomadas por programas o sistemas inform\u00e1ticos, sin un ser humano (por ejemplo, un empleado de TotalPneu) en el medio. TotalPneu utiliza los siguientes programas o sistemas inform\u00e1ticos:<\/p>\n\n\n\n<p><strong>Cu\u00e1nto tiempo conservamos los datos personales<\/strong><strong><\/strong><\/p>\n\n\n\n<p>TotalPneu no conserva sus datos personales durante m\u00e1s tiempo del estrictamente necesario para alcanzar los objetivos para los que se recopilan sus datos. Utilizamos los siguientes per\u00edodos de retenci\u00f3n para las siguientes (categor\u00edas) de datos personales:<\/p>\n\n\n\n<p><strong>Compartir datos personales con terceros<\/strong><strong><\/strong><\/p>\n\n\n\n<p>TotalPneu comparte sus datos personales con varios terceros si es necesario para llevar a cabo el contrato y para cumplir con cualquier obligaci\u00f3n legal. Con las empresas que procesan sus datos en nuestra asignaci\u00f3n, celebramos un acuerdo de procesador para garantizar el mismo nivel de seguridad y confidencialidad de sus datos. TotalPneu sigue siendo responsable de estas operaciones de procesamiento. Adem\u00e1s, TotalPneu proporciona sus datos personales a terceros. S\u00f3lo hacemos esto con su permiso expl\u00edcito. [Agregue una tabla aqu\u00ed que incluya: la categor\u00eda que pertenece a la tercera, nombre y jurisdicci\u00f3n, prop\u00f3sito y qu\u00e9 datos.]<\/p>\n\n\n\n<p><strong>Cookies, o t\u00e9cnicas similares, que utilizamos<\/strong><strong><\/strong><\/p>\n\n\n\n<p>TotalPneu utiliza cookies funcionales, anal\u00edticas y de seguimiento. Una cookie es un peque\u00f1o archivo de texto que se almacena en el navegador de su ordenador, tableta o tel\u00e9fono inteligente en la primera visita a este sitio web. TotalPneu utiliza cookies con una funcionalidad puramente t\u00e9cnica. Estos aseguran que el sitio web funciona correctamente y que, por ejemplo, se recuerdan sus ajustes preferidos. Estas cookies tambi\u00e9n se utilizan para hacer que el sitio web funcione correctamente y para poder optimizarlo. Adem\u00e1s, colocamos cookies que rastrean su comportamiento de navegaci\u00f3n para que podamos ofrecer contenido y anuncios personalizados. En su primera visita a nuestro sitio web, ya le hemos informado sobre estas cookies y solicitado permiso para colocarlas. Puede excluirse de las cookies configurando su navegador de Internet para que deje de almacenar cookies. Adem\u00e1s, tambi\u00e9n puede eliminar cualquier informaci\u00f3n previamente almacenada a trav\u00e9s de la configuraci\u00f3n de su navegador. Para una explicaci\u00f3n, ver: https:\/\/veiliginternetten.nl\/themes\/situatie\/cookies-wat-zijn-het-en-wat-doe-ik-ermee\/Op este sitio web, las cookies tambi\u00e9n son colocadas por terceros. Estos incluyen anunciantes y\/o las empresas de redes sociales. A continuaci\u00f3n un resumen: [ Por ejemplo: Cookie: Googly Analytics Nombre: _utma Funci\u00f3n: Cookie anal\u00edtica que mide el sitio web visite Per\u00edodo de retenci\u00f3n: 2 a\u00f1os ]<\/p>\n\n\n\n<p><strong>Ver, modificar o eliminar datos<\/strong><strong><\/strong><\/p>\n\n\n\n<p>Tiene derecho a ver, corregir o eliminar sus datos personales. Adem\u00e1s, tiene derecho a revocar su posible consentimiento para el tratamiento de datos o a oponerse al procesamiento de sus datos personales por parte de TotalPneu y tiene derecho a la transferencia de datos. Esto significa que puede enviarnos una solicitud para enviarnos los datos personales que tenemos sobre usted en un archivo inform\u00e1tico a usted u otra organizaci\u00f3n que haya mencionado. Puede enviar una solicitud de acceso, correcci\u00f3n, eliminaci\u00f3n, aplicaci\u00f3n de datos de sus datos personales o solicitar retirar su consentimiento u oponerse al procesamiento de sus datos personales a info@totalpneu.com. Para asegurarse de que la solicitud de acceso ha sido realizada por usted, le pedimos que env\u00ede una copia de su documento de identidad con la solicitud. En esta copia, os\u00fale la foto de su pasaporte, MRZ (zona legible por m\u00e1quina, la tira con n\u00fameros en la parte inferior del pasaporte), n\u00famero de pasaporte y n\u00famero de Seguro Social (BSN). Esto es para proteger su privacidad. Responderemos tan pronto como sea posible, pero dentro de cuatro semanas, a su solicitud. TotalPneu tambi\u00e9n desea se\u00f1alar que tiene la posibilidad de presentar una queja ante la autoridad nacional de control, la Autoridad Holandesa de Protecci\u00f3n de Datos. Esto se puede hacer a trav\u00e9s del siguiente enlace: https:\/\/autoriteitpersoonsgegevens.nl\/nl\/contact-met-de-autoriteit-persoonsgegevens\/tip-ons<\/p>\n\n\n\n<p><strong>C\u00f3mo protegemos los datos personales<\/strong><strong><\/strong><\/p>\n\n\n\n<p>TotalPneu se toma en serio la protecci\u00f3n de sus datos y toma las medidas adecuadas para evitar abusos, p\u00e9rdidas, accesos no autorizados, divulgaci\u00f3n no deseada y modificaci\u00f3n no autorizada. Si considera que sus datos no son seguros o hay indicios de abuso, p\u00f3ngase en contacto con nuestro servicio de atenci\u00f3n al cliente o info@totalpneu.com<\/p>\n","protected":false},"excerpt":{"rendered":"<p>TotalPneu, ubicado en Harderwijkerweg 145 3852 AB Ermelo, Pa\u00edses Bajos, es responsable del procesamiento de datos personales como se muestra en esta declaraci\u00f3n de privacidad. Informaci\u00f3n de contacto: Harderwijkerweg 145 3852 AB Ermelo Pa\u00edses Bajos TotalPneu Data Protection Officer puede llegar info@totalpneu.com Datos personales que procesamos TotalPneu trata sus datos personales utilizando nuestros servicios y\/o&hellip; <a class=\"more-link\" href=\"https:\/\/www.totalpneu.com\/es\/privacy-policy-2\/\">Continue reading <span class=\"screen-reader-text\">Pol\u00edtica de privacidad<\/span><\/a><\/p>\n","protected":false},"author":1,"featured_media":0,"parent":0,"menu_order":0,"comment_status":"closed","ping_status":"closed","template":"","meta":{"content-type":"","footnotes":""},"class_list":["post-159","page","type-page","status-publish","hentry","entry"],"translation":{"provider":"WPGlobus","version":"3.0.2","language":"es","enabled_languages":["en","de","nl","fr","es","it"],"languages":{"en":{"title":true,"content":true,"excerpt":false},"de":{"title":false,"content":false,"excerpt":false},"nl":{"title":true,"content":true,"excerpt":false},"fr":{"title":false,"content":false,"excerpt":false},"es":{"title":true,"content":true,"excerpt":false},"it":{"title":false,"content":false,"excerpt":false}}},"yoast_head":"<!-- This site is optimized with the Yoast SEO plugin v26.8 - https:\/\/yoast.com\/product\/yoast-seo-wordpress\/ -->\n<title>Pol\u00edtica de privacidad - TotalPneu<\/title>\n<meta name=\"robots\" content=\"index, follow, max-snippet:-1, max-image-preview:large, max-video-preview:-1\" \/>\n<link rel=\"canonical\" href=\"https:\/\/www.totalpneu.com\/privacy-policy-2\/\" \/>\n<meta property=\"og:locale\" content=\"es_ES\" \/>\n<meta property=\"og:type\" content=\"article\" \/>\n<meta property=\"og:title\" content=\"Pol\u00edtica de privacidad - TotalPneu\" \/>\n<meta property=\"og:url\" content=\"https:\/\/www.totalpneu.com\/privacy-policy-2\/\" \/>\n<meta property=\"og:site_name\" content=\"TotalPneu\" \/>\n<meta property=\"article:publisher\" content=\"https:\/\/www.facebook.com\/totalpneu\" \/>\n<meta property=\"article:modified_time\" content=\"2020-12-18T16:15:13+00:00\" \/>\n<meta name=\"twitter:card\" content=\"summary_large_image\" \/>\n<meta name=\"twitter:label1\" content=\"Est. reading time\" \/>\n\t<meta name=\"twitter:data1\" content=\"16 minutes\" \/>\n<script type=\"application\/ld+json\" class=\"yoast-schema-graph\">{\"@context\":\"https:\/\/schema.org\",\"@graph\":[{\"@type\":\"WebPage\",\"@id\":\"https:\/\/www.totalpneu.com\/privacy-policy-2\/\",\"url\":\"https:\/\/www.totalpneu.com\/privacy-policy-2\/\",\"name\":\"Pol\u00edtica de privacidad - TotalPneu\",\"isPartOf\":{\"@id\":\"https:\/\/www.totalpneu.com\/#website\"},\"datePublished\":\"2020-12-02T11:26:32+00:00\",\"dateModified\":\"2020-12-18T16:15:13+00:00\",\"breadcrumb\":{\"@id\":\"https:\/\/www.totalpneu.com\/privacy-policy-2\/#breadcrumb\"},\"inLanguage\":\"es-ES\",\"potentialAction\":[{\"@type\":\"ReadAction\",\"target\":[\"https:\/\/www.totalpneu.com\/privacy-policy-2\/\"]}]},{\"@type\":\"BreadcrumbList\",\"@id\":\"https:\/\/www.totalpneu.com\/privacy-policy-2\/#breadcrumb\",\"itemListElement\":[{\"@type\":\"ListItem\",\"position\":1,\"name\":\"Home\",\"item\":\"https:\/\/www.totalpneu.com\/\"},{\"@type\":\"ListItem\",\"position\":2,\"name\":\"Privacy Policy\"}]},{\"@type\":\"WebSite\",\"@id\":\"https:\/\/www.totalpneu.com\/#website\",\"url\":\"https:\/\/www.totalpneu.com\/\",\"name\":\"TotalPneu, international tyre wholesale and distribution\",\"description\":\"Comerciantes internacionales de neum\u00e1ticos\",\"publisher\":{\"@id\":\"https:\/\/www.totalpneu.com\/#organization\"},\"potentialAction\":[{\"@type\":\"SearchAction\",\"target\":{\"@type\":\"EntryPoint\",\"urlTemplate\":\"https:\/\/www.totalpneu.com\/?s={search_term_string}\"},\"query-input\":{\"@type\":\"PropertyValueSpecification\",\"valueRequired\":true,\"valueName\":\"search_term_string\"}}],\"inLanguage\":\"es-ES\"},{\"@type\":\"Organization\",\"@id\":\"https:\/\/www.totalpneu.com\/#organization\",\"name\":\"TotalPneu\",\"alternateName\":\"TotalPneu international tyre wholesale\",\"url\":\"https:\/\/www.totalpneu.com\/\",\"logo\":{\"@type\":\"ImageObject\",\"inLanguage\":\"es-ES\",\"@id\":\"https:\/\/www.totalpneu.com\/#\/schema\/logo\/image\/\",\"url\":\"\/wp-content\/uploads\/2020\/12\/cropped-TP-Logo-Blue-2.png\",\"contentUrl\":\"\/wp-content\/uploads\/2020\/12\/cropped-TP-Logo-Blue-2.png\",\"width\":337,\"height\":329,\"caption\":\"TotalPneu\"},\"image\":{\"@id\":\"https:\/\/www.totalpneu.com\/#\/schema\/logo\/image\/\"},\"sameAs\":[\"https:\/\/www.facebook.com\/totalpneu\",\"https:\/\/www.linkedin.com\/company\/totalpneu\"]}]}<\/script>\n<!-- \/ Yoast SEO plugin. -->","yoast_head_json":{"title":"Pol\u00edtica de privacidad - TotalPneu","robots":{"index":"index","follow":"follow","max-snippet":"max-snippet:-1","max-image-preview":"max-image-preview:large","max-video-preview":"max-video-preview:-1"},"canonical":"https:\/\/www.totalpneu.com\/privacy-policy-2\/","og_locale":"es_ES","og_type":"article","og_title":"Pol\u00edtica de privacidad - TotalPneu","og_url":"https:\/\/www.totalpneu.com\/privacy-policy-2\/","og_site_name":"TotalPneu","article_publisher":"https:\/\/www.facebook.com\/totalpneu","article_modified_time":"2020-12-18T16:15:13+00:00","twitter_card":"summary_large_image","twitter_misc":{"Est. reading time":"16 minutes"},"schema":{"@context":"https:\/\/schema.org","@graph":[{"@type":"WebPage","@id":"https:\/\/www.totalpneu.com\/privacy-policy-2\/","url":"https:\/\/www.totalpneu.com\/privacy-policy-2\/","name":"Pol\u00edtica de privacidad - TotalPneu","isPartOf":{"@id":"https:\/\/www.totalpneu.com\/#website"},"datePublished":"2020-12-02T11:26:32+00:00","dateModified":"2020-12-18T16:15:13+00:00","breadcrumb":{"@id":"https:\/\/www.totalpneu.com\/privacy-policy-2\/#breadcrumb"},"inLanguage":"es-ES","potentialAction":[{"@type":"ReadAction","target":["https:\/\/www.totalpneu.com\/privacy-policy-2\/"]}]},{"@type":"BreadcrumbList","@id":"https:\/\/www.totalpneu.com\/privacy-policy-2\/#breadcrumb","itemListElement":[{"@type":"ListItem","position":1,"name":"Home","item":"https:\/\/www.totalpneu.com\/"},{"@type":"ListItem","position":2,"name":"Privacy Policy"}]},{"@type":"WebSite","@id":"https:\/\/www.totalpneu.com\/#website","url":"https:\/\/www.totalpneu.com\/","name":"TotalPneu, international tyre wholesale and distribution","description":"Comerciantes internacionales de neum\u00e1ticos","publisher":{"@id":"https:\/\/www.totalpneu.com\/#organization"},"potentialAction":[{"@type":"SearchAction","target":{"@type":"EntryPoint","urlTemplate":"https:\/\/www.totalpneu.com\/?s={search_term_string}"},"query-input":{"@type":"PropertyValueSpecification","valueRequired":true,"valueName":"search_term_string"}}],"inLanguage":"es-ES"},{"@type":"Organization","@id":"https:\/\/www.totalpneu.com\/#organization","name":"TotalPneu","alternateName":"TotalPneu international tyre wholesale","url":"https:\/\/www.totalpneu.com\/","logo":{"@type":"ImageObject","inLanguage":"es-ES","@id":"https:\/\/www.totalpneu.com\/#\/schema\/logo\/image\/","url":"\/wp-content\/uploads\/2020\/12\/cropped-TP-Logo-Blue-2.png","contentUrl":"\/wp-content\/uploads\/2020\/12\/cropped-TP-Logo-Blue-2.png","width":337,"height":329,"caption":"TotalPneu"},"image":{"@id":"https:\/\/www.totalpneu.com\/#\/schema\/logo\/image\/"},"sameAs":["https:\/\/www.facebook.com\/totalpneu","https:\/\/www.linkedin.com\/company\/totalpneu"]}]}},"_links":{"self":[{"href":"https:\/\/www.totalpneu.com\/es\/wp-json\/wp\/v2\/pages\/159","targetHints":{"allow":["GET"]}}],"collection":[{"href":"https:\/\/www.totalpneu.com\/es\/wp-json\/wp\/v2\/pages"}],"about":[{"href":"https:\/\/www.totalpneu.com\/es\/wp-json\/wp\/v2\/types\/page"}],"author":[{"embeddable":true,"href":"https:\/\/www.totalpneu.com\/es\/wp-json\/wp\/v2\/users\/1"}],"replies":[{"embeddable":true,"href":"https:\/\/www.totalpneu.com\/es\/wp-json\/wp\/v2\/comments?post=159"}],"version-history":[{"count":6,"href":"https:\/\/www.totalpneu.com\/es\/wp-json\/wp\/v2\/pages\/159\/revisions"}],"predecessor-version":[{"id":230,"href":"https:\/\/www.totalpneu.com\/es\/wp-json\/wp\/v2\/pages\/159\/revisions\/230"}],"wp:attachment":[{"href":"https:\/\/www.totalpneu.com\/es\/wp-json\/wp\/v2\/media?parent=159"}],"curies":[{"name":"wp","href":"https:\/\/api.w.org\/{rel}","templated":true}]}}