{"id":14,"date":"2020-11-12T14:42:21","date_gmt":"2020-11-12T14:42:21","guid":{"rendered":"https:\/\/totalpneu.com\/?page_id=14"},"modified":"2023-01-17T09:58:55","modified_gmt":"2023-01-17T09:58:55","slug":"neumaticos-reifen-tyres-banden-%d1%88%d0%b8%d0%bd%d1%8b-gomme-%e8%bd%ae%e8%83%8e","status":"publish","type":"page","link":"https:\/\/www.totalpneu.com\/fr\/","title":{"rendered":"Untitled"},"content":{"rendered":"\n<div class=\"wp-block-cover alignfull has-background-dim\"><video class=\"wp-block-cover__video-background\" autoplay muted loop playsinline src=\"https:\/\/www.totalpneu.com\/wp-content\/uploads\/2020\/11\/Website-Background.mp4\"><\/video><div class=\"wp-block-cover__inner-container is-layout-flow wp-block-cover-is-layout-flow\">\n<p class=\"has-text-align-center has-large-font-size\"><\/p>\n<\/div><\/div>\n\n\n\n<p>TotalPneu est un grossiste international de pneumatiques, commercialant des pneus voitures, camionnette et poids lourds avec des professionnels du pneumatique dans le monde entier. Notre personnel importe, exporte et distribue des pneus depuis plus de 25 ans.<\/p>\n\n\n\n<p>En partenariat avec des fabricants, des distributeurs et de grandes cha\u00eenes de distribution, TotalPneu offre une grande disponibilit\u00e9 et un service sur mesure. Nous op\u00e9rons discr\u00e8tement, mettant la satisfaction du client en premier lieu. Nous croyons aux relations \u00e0 long terme.<\/p>\n\n\n\n<p>Notre \u00e9quipe se compose de multiples nationalit\u00e9s proches de nos partenaires. Op\u00e9rant \u00e0 l\u2019\u00e9chelle mondiale, nous avons une connaissance approfondie du march\u00e9 local sur plusieurs continents. Notre expertise logistique nous permet de collecter et de livrer des pneus, directement \u00e0 votre port le plus proche ou votre entrep\u00f4t avec toute la correcte documentation.<\/p>\n","protected":false},"excerpt":{"rendered":"<p>TotalPneu est un grossiste international de pneumatiques, commercialant des pneus voitures, camionnette et poids lourds avec des professionnels du pneumatique dans le monde entier. Notre personnel importe, exporte et distribue des pneus depuis plus de 25 ans. En partenariat avec des fabricants, des distributeurs et de grandes cha\u00eenes de distribution, TotalPneu offre une grande disponibilit\u00e9&hellip; <a class=\"more-link\" href=\"https:\/\/www.totalpneu.com\/fr\/\">Continue reading <span class=\"screen-reader-text\">Untitled<\/span><\/a><\/p>\n","protected":false},"author":1,"featured_media":0,"parent":0,"menu_order":0,"comment_status":"closed","ping_status":"closed","template":"","meta":{"content-type":"","footnotes":""},"class_list":["post-14","page","type-page","status-publish","hentry","entry"],"translation":{"provider":"WPGlobus","version":"3.0.2","language":"fr","enabled_languages":["en","de","nl","fr","es","it"],"languages":{"en":{"title":false,"content":true,"excerpt":false},"de":{"title":false,"content":true,"excerpt":false},"nl":{"title":false,"content":true,"excerpt":false},"fr":{"title":false,"content":true,"excerpt":false},"es":{"title":false,"content":true,"excerpt":false},"it":{"title":false,"content":true,"excerpt":false}}},"yoast_head":"<!-- This site is optimized with the Yoast SEO plugin v26.8 - https:\/\/yoast.com\/product\/yoast-seo-wordpress\/ -->\n<title>TotalPneu - International tyre wholesale<\/title>\n<meta name=\"robots\" content=\"index, follow, max-snippet:-1, max-image-preview:large, max-video-preview:-1\" \/>\n<link rel=\"canonical\" href=\"https:\/\/www.totalpneu.com\/\" \/>\n<meta property=\"og:locale\" content=\"fr_FR\" \/>\n<meta property=\"og:type\" content=\"article\" \/>\n<meta property=\"og:title\" content=\"- TotalPneu\" \/>\n<meta property=\"og:url\" content=\"https:\/\/www.totalpneu.com\/\" \/>\n<meta property=\"og:site_name\" content=\"TotalPneu\" \/>\n<meta property=\"article:publisher\" content=\"https:\/\/www.facebook.com\/totalpneu\" \/>\n<meta property=\"article:modified_time\" content=\"2023-01-17T09:58:55+00:00\" \/>\n<meta name=\"twitter:card\" content=\"summary_large_image\" \/>\n<meta name=\"twitter:label1\" content=\"Est. reading time\" \/>\n\t<meta name=\"twitter:data1\" content=\"1 minute\" \/>\n<script type=\"application\/ld+json\" class=\"yoast-schema-graph\">{\"@context\":\"https:\/\/schema.org\",\"@graph\":[{\"@type\":\"WebPage\",\"@id\":\"https:\/\/www.totalpneu.com\/\",\"url\":\"https:\/\/www.totalpneu.com\/\",\"name\":\"TotalPneu - International tyre wholesale\",\"isPartOf\":{\"@id\":\"https:\/\/www.totalpneu.com\/#website\"},\"datePublished\":\"2020-11-12T14:42:21+00:00\",\"dateModified\":\"2023-01-17T09:58:55+00:00\",\"description\":\"TotalPneu is a global tire wholesaler and distributor, working with all the leading players in the tire industry worldwide\",\"breadcrumb\":{\"@id\":\"https:\/\/www.totalpneu.com\/#breadcrumb\"},\"inLanguage\":\"fr-FR\",\"potentialAction\":[{\"@type\":\"ReadAction\",\"target\":[\"https:\/\/www.totalpneu.com\/\"]}]},{\"@type\":\"BreadcrumbList\",\"@id\":\"https:\/\/www.totalpneu.com\/#breadcrumb\",\"itemListElement\":[{\"@type\":\"ListItem\",\"position\":1,\"name\":\"Home\",\"item\":\"https:\/\/www.totalpneu.com\/\"},{\"@type\":\"ListItem\",\"position\":2,\"name\":\"Untitled\"}]},{\"@type\":\"WebSite\",\"@id\":\"https:\/\/www.totalpneu.com\/#website\",\"url\":\"https:\/\/www.totalpneu.com\/\",\"name\":\"TotalPneu, international tyre wholesale and distribution\",\"description\":\"N\u00e9gociants internationaux de pneus\",\"publisher\":{\"@id\":\"https:\/\/www.totalpneu.com\/#organization\"},\"potentialAction\":[{\"@type\":\"SearchAction\",\"target\":{\"@type\":\"EntryPoint\",\"urlTemplate\":\"https:\/\/www.totalpneu.com\/?s={search_term_string}\"},\"query-input\":{\"@type\":\"PropertyValueSpecification\",\"valueRequired\":true,\"valueName\":\"search_term_string\"}}],\"inLanguage\":\"fr-FR\"},{\"@type\":\"Organization\",\"@id\":\"https:\/\/www.totalpneu.com\/#organization\",\"name\":\"TotalPneu\",\"alternateName\":\"TotalPneu international tyre wholesale\",\"url\":\"https:\/\/www.totalpneu.com\/\",\"logo\":{\"@type\":\"ImageObject\",\"inLanguage\":\"fr-FR\",\"@id\":\"https:\/\/www.totalpneu.com\/#\/schema\/logo\/image\/\",\"url\":\"\/wp-content\/uploads\/2020\/12\/cropped-TP-Logo-Blue-2.png\",\"contentUrl\":\"\/wp-content\/uploads\/2020\/12\/cropped-TP-Logo-Blue-2.png\",\"width\":337,\"height\":329,\"caption\":\"TotalPneu\"},\"image\":{\"@id\":\"https:\/\/www.totalpneu.com\/#\/schema\/logo\/image\/\"},\"sameAs\":[\"https:\/\/www.facebook.com\/totalpneu\",\"https:\/\/www.linkedin.com\/company\/totalpneu\"]}]}<\/script>\n<!-- \/ Yoast SEO plugin. -->","yoast_head_json":{"title":"TotalPneu - International tyre wholesale","robots":{"index":"index","follow":"follow","max-snippet":"max-snippet:-1","max-image-preview":"max-image-preview:large","max-video-preview":"max-video-preview:-1"},"canonical":"https:\/\/www.totalpneu.com\/","og_locale":"fr_FR","og_type":"article","og_title":"- TotalPneu","og_url":"https:\/\/www.totalpneu.com\/","og_site_name":"TotalPneu","article_publisher":"https:\/\/www.facebook.com\/totalpneu","article_modified_time":"2023-01-17T09:58:55+00:00","twitter_card":"summary_large_image","twitter_misc":{"Est. reading time":"1 minute"},"schema":{"@context":"https:\/\/schema.org","@graph":[{"@type":"WebPage","@id":"https:\/\/www.totalpneu.com\/","url":"https:\/\/www.totalpneu.com\/","name":"TotalPneu - International tyre wholesale","isPartOf":{"@id":"https:\/\/www.totalpneu.com\/#website"},"datePublished":"2020-11-12T14:42:21+00:00","dateModified":"2023-01-17T09:58:55+00:00","description":"TotalPneu is a global tire wholesaler and distributor, working with all the leading players in the tire industry worldwide","breadcrumb":{"@id":"https:\/\/www.totalpneu.com\/#breadcrumb"},"inLanguage":"fr-FR","potentialAction":[{"@type":"ReadAction","target":["https:\/\/www.totalpneu.com\/"]}]},{"@type":"BreadcrumbList","@id":"https:\/\/www.totalpneu.com\/#breadcrumb","itemListElement":[{"@type":"ListItem","position":1,"name":"Home","item":"https:\/\/www.totalpneu.com\/"},{"@type":"ListItem","position":2,"name":"Untitled"}]},{"@type":"WebSite","@id":"https:\/\/www.totalpneu.com\/#website","url":"https:\/\/www.totalpneu.com\/","name":"TotalPneu, international tyre wholesale and distribution","description":"N\u00e9gociants internationaux de pneus","publisher":{"@id":"https:\/\/www.totalpneu.com\/#organization"},"potentialAction":[{"@type":"SearchAction","target":{"@type":"EntryPoint","urlTemplate":"https:\/\/www.totalpneu.com\/?s={search_term_string}"},"query-input":{"@type":"PropertyValueSpecification","valueRequired":true,"valueName":"search_term_string"}}],"inLanguage":"fr-FR"},{"@type":"Organization","@id":"https:\/\/www.totalpneu.com\/#organization","name":"TotalPneu","alternateName":"TotalPneu international tyre wholesale","url":"https:\/\/www.totalpneu.com\/","logo":{"@type":"ImageObject","inLanguage":"fr-FR","@id":"https:\/\/www.totalpneu.com\/#\/schema\/logo\/image\/","url":"\/wp-content\/uploads\/2020\/12\/cropped-TP-Logo-Blue-2.png","contentUrl":"\/wp-content\/uploads\/2020\/12\/cropped-TP-Logo-Blue-2.png","width":337,"height":329,"caption":"TotalPneu"},"image":{"@id":"https:\/\/www.totalpneu.com\/#\/schema\/logo\/image\/"},"sameAs":["https:\/\/www.facebook.com\/totalpneu","https:\/\/www.linkedin.com\/company\/totalpneu"]}]}},"_links":{"self":[{"href":"https:\/\/www.totalpneu.com\/fr\/wp-json\/wp\/v2\/pages\/14","targetHints":{"allow":["GET"]}}],"collection":[{"href":"https:\/\/www.totalpneu.com\/fr\/wp-json\/wp\/v2\/pages"}],"about":[{"href":"https:\/\/www.totalpneu.com\/fr\/wp-json\/wp\/v2\/types\/page"}],"author":[{"embeddable":true,"href":"https:\/\/www.totalpneu.com\/fr\/wp-json\/wp\/v2\/users\/1"}],"replies":[{"embeddable":true,"href":"https:\/\/www.totalpneu.com\/fr\/wp-json\/wp\/v2\/comments?post=14"}],"version-history":[{"count":22,"href":"https:\/\/www.totalpneu.com\/fr\/wp-json\/wp\/v2\/pages\/14\/revisions"}],"predecessor-version":[{"id":243,"href":"https:\/\/www.totalpneu.com\/fr\/wp-json\/wp\/v2\/pages\/14\/revisions\/243"}],"wp:attachment":[{"href":"https:\/\/www.totalpneu.com\/fr\/wp-json\/wp\/v2\/media?parent=14"}],"curies":[{"name":"wp","href":"https:\/\/api.w.org\/{rel}","templated":true}]}}